{"id":2859,"date":"2018-04-17T23:22:50","date_gmt":"2018-04-17T21:22:50","guid":{"rendered":"http:\/\/festadelformaggio.it\/1\/?page_id=2859"},"modified":"2025-03-11T18:47:25","modified_gmt":"2025-03-11T17:47:25","slug":"privacy-e-cookie","status":"publish","type":"page","link":"https:\/\/festadelformaggio.it\/1\/privacy-e-cookie\/","title":{"rendered":"Privacy e Cookie"},"content":{"rendered":"<div class=\"entry-content\">\n<p class=\"p1\"><strong><span class=\"s1\">Privacy e Trattamento dei Dati Personali<\/span><\/strong><\/p>\n<p class=\"p2\"><span class=\"s1\">La tutela dei dati personali \u00e8 di massima importanza per Berica Editrice perch\u00e8 garantisce la massima trasparenza e chiarezza dell\u2019azienda nei confronti dei suoi clienti. Nell\u2019elaborazione, conservazione e protezione dei dati personali dell\u2019utente ci atteniamo rigorosamente alle prescrizioni di legge in vigore.<\/span><\/p>\n<p class=\"p3\"><span class=\"s1\">Chi \u00e8 il titolare del trattamento dei dati personali?<\/span><\/p>\n<p class=\"p2\"><span class=\"s1\">Il responsabile dei dati personali ai sensi della legge applicabile sulla protezione dei dati, \u00e8:<\/span><\/p>\n<p class=\"p2\"><span class=\"s1\">Bericaeditrice srl<\/span><\/p>\n<p class=\"p2\"><span class=\"s1\">Piazza campo Marzio12, Arzignano (VI) 36071<\/span><\/p>\n<p class=\"p2\"><span class=\"s1\">Tel. 0444-450693<\/span><\/p>\n<p class=\"p2\"><span class=\"s1\">info@bericaeditrice.it<\/span><\/p>\n<p class=\"p2\"><span class=\"s1\">E\u2019 possibile ottenere informazioni sui dati memorizzati presso di noi in qualsiasi momento e gratuitamente, ed esercitare il diritto di correzione, bloccaggio o cancellazione dei dati comunicando tramite email o telefono ai dati di contatto indicati sopra.<\/span><\/p>\n<p class=\"p3\"><span class=\"s1\">Quando e come vengono raccolti i dati personali?<\/span><\/p>\n<p class=\"p2\"><span class=\"s1\"><b>Tramite la creazione di un account e conclusione di ordini<\/b><\/span><\/p>\n<p class=\"p5\"><span class=\"s2\">Per concludere acquisti su bericaeditrice.it \u00e8 necessario creare un account utente. Per ogni cliente che procede alla sua registrazione creiamo un accesso diretto protetto da password sui suoi dati anagrafici presso di noi memorizzati. L\u2019account utente consentir\u00e0 di accedere velocemente allo storico degli ordini, gestire pi\u00f9 indirizzi di consegna e modificare i dati di fatturazione. I dati obbligatori per la creazione di un account sono: sesso, nome, cognome, indirizzo email, password, consenso alle disposizioni sulla tutela dei dati e iscrizione alla newsletter. L\u2019indicazione dell\u2019indirizzo di spedizione e di fatturazione \u00e8 richiesta solo in fase di ordine. Solo in questo caso avremo bisogno dei dati corretti di nome, cognome e indirizzo, oltre che dell\u2019indirizzo email per dare conferma della ricezione degli ordini e della spedizione.<\/span><\/p>\n<p>&nbsp;<\/p>\n<p class=\"p3\"><span class=\"s1\">Come vengono usati i dati personali?<\/span><\/p>\n<p class=\"p5\"><span class=\"s2\"><b>Trattamento dei dati personali\u00a0<\/b><\/span><span class=\"s1\"><br \/>\n<\/span><span class=\"s2\">Rileviamo, memorizziamo ed elaboriamo i dati dell\u2019utente per la completa esecuzione dell\u2019acquisto, comprese successive procedure di garanzia e per scopi di marketing. I dati personali del cliente vengono trasmessi a terzi solo per quanto ci\u00f2 sia ammesso per legge, compresi fatturazione, per finalit\u00e0 strettamente connesse e strumentali alle attivit\u00e0 logistiche (spedizioni e resi degli ordini) ed agli obblighi fiscali vigenti. Nell\u2019ambito dello svolgimento dell\u2019ordine i prestatori di servizi che incarichiamo (ad esempio: vettore, azienda logistica, banche) ricevono i dati necessari a svolgere l\u2019ordinazione e l\u2019incarico. I prestatori di servizi che incarichiamo possono usare i dati solamente allo scopo dell\u2019adempimento del loro lavoro. I dati non saranno trattati da altre societ\u00e0 esterne, n\u00e9 ceduti a terzi, per nessuna ragione.<\/span><\/p>\n<p><strong><span class=\"s3\">Periodo di conservazione<\/span><\/strong><\/p>\n<p class=\"p2\"><span class=\"s1\">Tutte le informazioni personali fornite dal cliente in fase d\u2019acquisto verranno conservate nei nostri database fino ad avvenuta richiesta di cancellazione. Conserviamo invece i dati ai fini fiscali per il tempo necessario per legge. Se non sussistono requisiti legali, la conservazione di questi sar\u00e0 congrua con le finalit\u00e0 della raccolta dei dati stessi e con i consensi forniti.<\/span><\/p>\n<p class=\"p3\"><strong><span class=\"s1\">Dati salvati nei Cookies e pixels<\/span><\/strong><\/p>\n<p class=\"p2\"><span class=\"s1\">Berica editrice raccoglie e registra informazioni provenienti dal browser dell\u2019utente quando si usano i nostri Siti, che possono includere anche dati personali. Utilizziamo una variet\u00e0 di metodi, come cookie e pixel tags, per raccogliere queste informazioni, che possono includere fra le altre anche: l\u2019indirizzo IP e unique cookie identifier. L\u2019accettazione dei cookie non \u00e8 presupposto per la navigazione sulle nostre pagine. Il nostro sito e i nostri servizi per\u00f2 hanno funzionalit\u00e0 limitate se non ci viene permesso di inserire cookie.<\/span><\/p>\n<p class=\"p5\"><span class=\"s2\">I cookie utilizzati da Berica Editrice permettono di:<\/span><span class=\"s1\"><br \/>\n<\/span><span class=\"s2\">&#8211; memorizzare le preferenze inserite;<\/span><span class=\"s1\"><br \/>\n<\/span><span class=\"s2\">&#8211; evitare di reinserire le stesse informazioni pi\u00f9 volte durante la visita;<\/span><span class=\"s1\"><br \/>\n<\/span><span class=\"s2\">&#8211; analizzare l\u2019utilizzo dei servizi e dei contenuti forniti da bericaeditrice.it per ottimizzarne l\u2019esperienza di navigazione e i servizi offerti.<\/span><\/p>\n<p>&nbsp;<\/p>\n<p class=\"p3\"><strong><span class=\"s1\">Dati salvati nel File log del server<\/span><\/strong><\/p>\n<p class=\"p2\"><span class=\"s1\">Ad ogni accesso sulle pagine web di bericaeditrice.it i dati di utilizzi vengono trasmessi dal rispettivo browser internet e memorizzati in file di protocollo, i cosiddetti log file dei web server. Le serie di dati memorizzate in tale procedura contengono: data e orario del richiamo, nome del sito richiamato, indirizzo IP, referrer-URL (URL di provenienza, quello del sito tramite il quale il cliente arriva sul sito in questione), la quantit\u00e0 di dati trasmessa e informazioni sui prodotti e sulla versione del browser utilizzato. Elaboriamo i dati di logfile per migliorare la navigazione, per identificare e rimuovere pi\u00f9 velocemente errori e per gestire le capacit\u00e0 dei server, oltre che per respingere attacchi al nostro e-commerce.<\/span><\/p>\n<p class=\"p3\"><strong><span class=\"s1\">Dati inviati a Google Analytics<\/span><\/strong><\/p>\n<p class=\"p2\"><span class=\"s1\">Questo sito web utilizza Google Analytics, un servizio di analisi web offerto da Google Inc. Google Analytics impiega metodi che permettono un\u2019analisi dell\u2019uso del sito web da parte dell\u2019utente. Le informazioni create sull\u2019utilizzo del sito web vengono trasferite su un server di Google situato negli USA e ivi memorizzati. Nel caso dell\u2019attivazione dell\u2019anonimizzazione IP su questo sito web negli stati membri della UE e negli altri stati firmatari della convenzione sullo spazio economico europeo l\u2019 indirizzo IP dell\u2019utente viene accorciato prima della sua trasmissione. Solo in casi eccezionali il completo indirizzo IP viene trasmesso a un server di Google negli USA. L\u2019indirizzo IP anonimizzato trasmesso dal browser a Google Analytics non viene abbinato ad altri dati di Google. E\u2019 possibile impedire il rilevamento e la trasmissione dei dati creati dai cookie e inerenti l\u2019uso del sito web (compreso l\u2019indirizzo IP) a Google, come anche la loro diffusione tramite Google, scaricando e installando il plugin per browser reperibile\u00a0<a href=\"http:\/\/tools.google.com\/dlpage\/gaoptout?hl=it\"><span class=\"s4\"><b>cliccando qui<\/b><\/span><\/a>. Alternativamente al plug-in per il browser potete cliccare su questo link per impedire il rilevamento tramite Google Analytics su questo sito web. Facendo ci\u00f2 si ha l\u2019installazione di un cookie di opt-out.<\/span><\/p>\n<\/div>\n","protected":false},"excerpt":{"rendered":"<p>Privacy e Trattamento dei Dati Personali La tutela dei dati personali \u00e8 di massima importanza per Berica Editrice perch\u00e8 garantisce la massima trasparenza e chiarezza dell\u2019azienda nei confronti dei suoi clienti. Nell\u2019elaborazione, conservazione e protezione dei dati personali dell\u2019utente ci atteniamo rigorosamente alle prescrizioni di legge in vigore. Chi \u00e8 il titolare del trattamento dei&hellip;<\/p>\n","protected":false},"author":1,"featured_media":0,"parent":0,"menu_order":0,"comment_status":"closed","ping_status":"closed","template":"","meta":[],"class_list":["post-2859","page","type-page","status-publish","hentry","description-off"],"post_mailing_queue_ids":[],"_links":{"self":[{"href":"https:\/\/festadelformaggio.it\/1\/wp-json\/wp\/v2\/pages\/2859","targetHints":{"allow":["GET"]}}],"collection":[{"href":"https:\/\/festadelformaggio.it\/1\/wp-json\/wp\/v2\/pages"}],"about":[{"href":"https:\/\/festadelformaggio.it\/1\/wp-json\/wp\/v2\/types\/page"}],"author":[{"embeddable":true,"href":"https:\/\/festadelformaggio.it\/1\/wp-json\/wp\/v2\/users\/1"}],"replies":[{"embeddable":true,"href":"https:\/\/festadelformaggio.it\/1\/wp-json\/wp\/v2\/comments?post=2859"}],"version-history":[{"count":4,"href":"https:\/\/festadelformaggio.it\/1\/wp-json\/wp\/v2\/pages\/2859\/revisions"}],"predecessor-version":[{"id":3064,"href":"https:\/\/festadelformaggio.it\/1\/wp-json\/wp\/v2\/pages\/2859\/revisions\/3064"}],"wp:attachment":[{"href":"https:\/\/festadelformaggio.it\/1\/wp-json\/wp\/v2\/media?parent=2859"}],"curies":[{"name":"wp","href":"https:\/\/api.w.org\/{rel}","templated":true}]}}