{"id":3147,"date":"2019-01-29T11:03:04","date_gmt":"2019-01-29T09:03:04","guid":{"rendered":"http:\/\/festadelformaggio.it\/1\/?page_id=3147"},"modified":"2025-03-11T18:48:24","modified_gmt":"2025-03-11T17:48:24","slug":"6-edizione-le-novita","status":"publish","type":"page","link":"https:\/\/festadelformaggio.it\/1\/6-edizione-le-novita\/","title":{"rendered":"6^ EDIZIONE &#8211; le novit\u00e0"},"content":{"rendered":"<h3><span style=\"color: #ff0000;\"><span style=\"color: #000000;\"><strong>Siamo spiacenti di comunicare che<\/strong><\/span> <strong>nell&#8217;edizione 2022 della FESTA DEL FORMAGGIO la degustazione guidata tra le latterie delle due vallate non ci sar\u00e0<\/strong>. <span style=\"color: #000000;\">Ci dispiace ma la ripartenza dopo due anni ci impone di rivedere l&#8217;organizzazione e ripartire gradualmente, ci scusiamo con tutti gli appassionati e speriamo di poter tornare quanto prima!<\/span><\/span><\/h3>\n<h2><a class=\"fancybox image\" href=\"http:\/\/festadelformaggio.it\/1\/wp-content\/uploads\/2015\/02\/patrocinio-regione-veneto1.png\"><img loading=\"lazy\" decoding=\"async\" class=\"wp-image-927 aligncenter\" src=\"http:\/\/festadelformaggio.it\/1\/wp-content\/uploads\/2015\/02\/patrocinio-regione-veneto1.png\" sizes=\"auto, (max-width: 194px) 100vw, 194px\" srcset=\"http:\/\/festadelformaggio.it\/1\/wp-content\/uploads\/2015\/02\/patrocinio-regione-veneto1.png 597w, http:\/\/festadelformaggio.it\/1\/wp-content\/uploads\/2015\/02\/patrocinio-regione-veneto1-300x263.png 300w\" alt=\"\" width=\"194\" height=\"170\"><\/a><\/h2>\n<h2 style=\"text-align: center;\">6\u00b0&nbsp;<em>Concorso:&nbsp;<\/em><strong>\u201c<em>Migliori Formaggi delle Valli del&nbsp;<\/em><\/strong><strong><em>Chiampo e dell\u2019 Agno<\/em>\u201d<\/strong><\/h2>\n<h1 style=\"text-align: center;\"><strong>MOSTRA CON DEGUSTAZIONE GUIDATA<\/strong><\/h1>\n<h2 style=\"text-align: center;\"><strong>in collaborazione con i caseifici sociali di <\/strong><\/h2>\n<h2 style=\"text-align: center;\"><strong>Castelgomberto \u2013 Nogarole \u2013 Trissino<\/strong><\/h2>\n<p>Il concorso tra caseifici sociali delle due valli si conferma ancora una volta il vero cuore della nostra manifestazione enogastronomica.<\/p>\n<p>Nei giorni scorsi le tre <strong>cooperative sociali di Castelgomberto, Trissino e Nogarole hanno confermato ufficialmente la partecipazione alla 5^ edizione della <em>Festa del Formaggio<\/em><\/strong>, nata nel 2014 proprio per promuovere e valorizzare le ultime realt\u00e0 lattiero casearie tradizionali rimaste nel territorio delle Valli del Chiampo e dell&#8217;Agno. Tre latterie che con coraggio e determinazione portano avanti la tradizione di produrre <strong>formaggi a latte crudo<\/strong>, cio\u00e8 allo stato naturale, non pastorizzato, che permette di gustare tutti i sapori del territorio di produzione.<\/p>\n<h2><strong>Le prime edizioni<\/strong><\/h2>\n<p><a href=\"http:\/\/festadelformaggio.it\/1\/wp-content\/uploads\/2017\/03\/18402609_1337729849656259_1194999361206306948_n.jpg\"><img loading=\"lazy\" decoding=\"async\" class=\"alignright wp-image-2365\" src=\"http:\/\/festadelformaggio.it\/1\/wp-content\/uploads\/2017\/03\/18402609_1337729849656259_1194999361206306948_n.jpg\" alt=\"\" width=\"420\" height=\"278\" srcset=\"https:\/\/festadelformaggio.it\/1\/wp-content\/uploads\/2017\/03\/18402609_1337729849656259_1194999361206306948_n.jpg 960w, https:\/\/festadelformaggio.it\/1\/wp-content\/uploads\/2017\/03\/18402609_1337729849656259_1194999361206306948_n-600x397.jpg 600w, https:\/\/festadelformaggio.it\/1\/wp-content\/uploads\/2017\/03\/18402609_1337729849656259_1194999361206306948_n-300x198.jpg 300w, https:\/\/festadelformaggio.it\/1\/wp-content\/uploads\/2017\/03\/18402609_1337729849656259_1194999361206306948_n-768x508.jpg 768w\" sizes=\"auto, (max-width: 420px) 100vw, 420px\" \/><\/a>Per quattro edizioni &#8211; dal 2014 al 2017 &#8211; le cooperative si sono messe in gioco in una competizione storica: <strong>per la prima volta \u00e8 stato creato un Concorso a loro dedicato<\/strong>, e unico nel suo genere contemplando <strong>sia una giuria tecnica e sia una giuria popolare aperta a tutti<\/strong> coloro che nella giornata della domenica della <em>Festa del Formaggio<\/em> volessero assaggiare i campioni anonimi predisposti e votare secondo una scheda specifica elaborata dai tecnici del laboratorio sensoriale dell&#8217;agenzia regionale <em>Veneto Agricoltura<\/em>.<\/p>\n<div class=\"su-divider su-divider-style-default\" style=\"margin:15px 0;border-width:3px;border-color:#999999\"><a href=\"#\" style=\"color:#999999\">Go to top<\/a><\/div>\n<h2><strong>Le novit\u00e0 2018: una degustazione guidata<\/strong><\/h2>\n<p>Per la 5^ edizione &#8211; su accordo unanime dei tre caseifici &#8211; si \u00e8 preferito rivedere questa formula per lanciare una novit\u00e0: da semplice concorso l&#8217;iniziativa si \u00e8 trasformata in una <strong>mostra dei prodotti con degustazione guidata attraverso la quale creare un legame pi\u00f9 forte con il consumatore<\/strong>.<\/p>\n<p>Non pi\u00f9 una serie di campioni anonimi quindi, ma <strong>una tavola per ogni categoria<\/strong> &#8211; ricotta, caciotta, mezzano, vecchio e stravecchio &#8211; e <strong>una presentazione scritta dalla latteria cooperativa stessa accompagner\u00e0 ciascun prodotto<\/strong> spiegando la lavorazione, il processo di produzione e il risultato che ogni casaro intende ottenere con quel prodotto nonch\u00e9 l&#8217;impiego ideale in tavola o in cucina.<\/p>\n<div class=\"su-divider su-divider-style-default\" style=\"margin:15px 0;border-width:3px;border-color:#999999\"><a href=\"#\" style=\"color:#999999\">Go to top<\/a><\/div>\n<p><a href=\"http:\/\/festadelformaggio.it\/1\/wp-content\/uploads\/2015\/02\/il-cas\u00e0ro-giorgio-al-lavoro.jpg\"><img loading=\"lazy\" decoding=\"async\" class=\" wp-image-974 alignleft\" src=\"http:\/\/festadelformaggio.it\/1\/wp-content\/uploads\/2015\/02\/il-cas\u00e0ro-giorgio-al-lavoro.jpg\" alt=\"\" width=\"399\" height=\"299\" srcset=\"https:\/\/festadelformaggio.it\/1\/wp-content\/uploads\/2015\/02\/il-cas\u00e0ro-giorgio-al-lavoro.jpg 640w, https:\/\/festadelformaggio.it\/1\/wp-content\/uploads\/2015\/02\/il-cas\u00e0ro-giorgio-al-lavoro-600x450.jpg 600w, https:\/\/festadelformaggio.it\/1\/wp-content\/uploads\/2015\/02\/il-cas\u00e0ro-giorgio-al-lavoro-300x225.jpg 300w\" sizes=\"auto, (max-width: 399px) 100vw, 399px\" \/><\/a><\/p>\n<h2><strong>Una proposta per tutti gli appassionati<\/strong><\/h2>\n<p>Il <strong>consumatore<\/strong> appassionato &#8211; recandosi <strong>domenica 5 maggio dalle 11.00 alle 16.30<\/strong> presso l&#8217;elegante <strong>sala conferenze parrocchiale<\/strong> al primo piano (accesso dal cortile della canonica, piazza Marconi n. 24) &#8211; potr\u00e0 quindi scegliere quali prodotti assaggiare e per ciascuno <strong>compilare una scheda di valutazione<\/strong> elaborata appositamente per l&#8217;occasione dal responsabile <strong>dott. Alberto Marangon<\/strong> e dai suoi collaboratori del laboratorio sensoriale di <em>Veneto Agricoltura<\/em>.<\/p>\n<p>Attraverso questa esperienza, unica nel suo genere nel proporre sullo stesso tavolo i prodotti a latte crudo di tre caseifici espressione di un territorio e di una tradizione secolare che merita di essere sostenuta e valorizzata, <strong>chiunque potr\u00e0 avvicinarsi al mondo dei formaggi, scoprirne i segreti e conoscere da vicino ciascun caseificio e i suoi prodotti d&#8217;eccellenza<\/strong>. Attraverso la scheda di valutazione appositamente studiata, i tecnici di Veneto Agricoltura formuleranno una classifica e per ciascun caseificio verr\u00e0 data una <strong>GRAN MENZIONE DEL FORMAGGIO MIGLIORE<\/strong> in base alle considerazioni emerse dal giudizio del pubblico.<\/p>\n<div class=\"su-divider su-divider-style-default\" style=\"margin:15px 0;border-width:3px;border-color:#999999\"><a href=\"#\" style=\"color:#999999\">Go to top<\/a><\/div>\n<h2><strong>La giuria tecnica<\/strong><\/h2>\n<p>Parteciperanno inoltre come <strong>giuria tecnica<\/strong> anche esperti del settore lattiero-caseario tra cui ad esempio le <strong>delegazioni dell&#8217;Organizzazione Nazionale Assaggiatori di Formaggi (ONAF)<\/strong> <strong>di Vicenza, Verona e Padova<\/strong>.<\/p>\n<p>Per merito di questa collaborazione, lo scorso anno la nostra Festa ha avuto l&#8217;onore di un articolo a pagina intera su <strong>&#8220;In Forma&#8221;<\/strong>, il periodico nazionale dell&#8217;ONAF.<\/p>\n<div class=\"su-divider su-divider-style-default\" style=\"margin:15px 0;border-width:3px;border-color:#999999\"><a href=\"#\" style=\"color:#999999\">Go to top<\/a><\/div>\n<h2><strong>Una brochure sui segreti del formaggio in regalo a tutti i partecipanti<\/strong><\/h2>\n<p>Grazie al nostro partner <a href=\"http:\/\/www.ssenergia.com\/\"><strong>Societ\u00e0 Servizi Energia<\/strong><\/a>, a ciascuno dei partecipanti al concorso verr\u00e0 consegnata una <strong>brochure gratuita che racconta i segreti del formaggio e spiega la tipicit\u00e0 dei formaggi a latte crudo<\/strong>, vanto ed eccellenza del territorio delle Valli dell&#8217;Agno e del Chiampo.<\/p>\n<div class=\"su-divider su-divider-style-default\" style=\"margin:15px 0;border-width:3px;border-color:#999999\"><a href=\"#\" style=\"color:#999999\">Go to top<\/a><\/div>\n<h2><strong>I caseifici che partecipano: perch\u00e9 sono speciali<\/strong><\/h2>\n<p>Non \u00e8 un segreto: i prodotti dei nostri caseifici sociali di Castelgomberto, Nogarole e Trissino p<strong>ossono vantare profumi e sapori davvero eccezionali<\/strong>, con qualit\u00e0 e caratteristiche che vanno ben al di l\u00e0 della gran parte dei formaggi che si possono trovare sul banco frigo della grande distribuzione.<\/p>\n<p>Ma qual \u00e8 il loro segreto? Eccovene un assaggio&#8230;<\/p>\n\n\t\t\t<style type='text\/css'>\n\t\t\t\t#gallery-1 {\n\t\t\t\t\tmargin: auto;\n\t\t\t\t}\n\t\t\t\t#gallery-1 .gallery-item {\n\t\t\t\t\tfloat: left;\n\t\t\t\t\tmargin-top: 10px;\n\t\t\t\t\ttext-align: center;\n\t\t\t\t\twidth: 33%;\n\t\t\t\t}\n\t\t\t\t#gallery-1 img {\n\t\t\t\t\tborder: 2px solid #cfcfcf;\n\t\t\t\t}\n\t\t\t\t#gallery-1 .gallery-caption {\n\t\t\t\t\tmargin-left: 0;\n\t\t\t\t}\n\t\t\t\t\/* see gallery_shortcode() in wp-includes\/media.php *\/\n\t\t\t<\/style>\n\t\t<div id='gallery-1' class='dt-gallery-container gallery galleryid-3147 gallery-columns-3 gallery-size-medium'><dl class='gallery-item'>\n\t\t\t\t<dt class='gallery-icon portrait'>\n\t\t\t\t\t<a class='rollover rollover-zoom dt-pswp-item' title='latteria villa castelgomberto' data-dt-img-description='' data-large_image_width='1149' data-large_image_height = '1616'  href='https:\/\/festadelformaggio.it\/1\/wp-content\/uploads\/2019\/03\/latteria-villa-castelgomberto.jpg'><img loading=\"lazy\" decoding=\"async\" width=\"213\" height=\"300\" src=\"https:\/\/festadelformaggio.it\/1\/wp-content\/uploads\/2019\/03\/latteria-villa-castelgomberto-213x300.jpg\" class=\"attachment-medium size-medium\" alt=\"\" srcset=\"https:\/\/festadelformaggio.it\/1\/wp-content\/uploads\/2019\/03\/latteria-villa-castelgomberto-213x300.jpg 213w, https:\/\/festadelformaggio.it\/1\/wp-content\/uploads\/2019\/03\/latteria-villa-castelgomberto-768x1080.jpg 768w, https:\/\/festadelformaggio.it\/1\/wp-content\/uploads\/2019\/03\/latteria-villa-castelgomberto-728x1024.jpg 728w, https:\/\/festadelformaggio.it\/1\/wp-content\/uploads\/2019\/03\/latteria-villa-castelgomberto.jpg 1149w\" sizes=\"auto, (max-width: 213px) 100vw, 213px\" \/><\/a>\n\t\t\t\t<\/dt><\/dl><dl class='gallery-item'>\n\t\t\t\t<dt class='gallery-icon portrait'>\n\t\t\t\t\t<a class='rollover rollover-zoom dt-pswp-item' title='latteria nogarole' data-dt-img-description='' data-large_image_width='1154' data-large_image_height = '1617'  href='https:\/\/festadelformaggio.it\/1\/wp-content\/uploads\/2019\/03\/latteria-nogarole.jpg'><img loading=\"lazy\" decoding=\"async\" width=\"214\" height=\"300\" src=\"https:\/\/festadelformaggio.it\/1\/wp-content\/uploads\/2019\/03\/latteria-nogarole-214x300.jpg\" class=\"attachment-medium size-medium\" alt=\"\" srcset=\"https:\/\/festadelformaggio.it\/1\/wp-content\/uploads\/2019\/03\/latteria-nogarole-214x300.jpg 214w, https:\/\/festadelformaggio.it\/1\/wp-content\/uploads\/2019\/03\/latteria-nogarole-768x1076.jpg 768w, https:\/\/festadelformaggio.it\/1\/wp-content\/uploads\/2019\/03\/latteria-nogarole-731x1024.jpg 731w, https:\/\/festadelformaggio.it\/1\/wp-content\/uploads\/2019\/03\/latteria-nogarole.jpg 1154w\" sizes=\"auto, (max-width: 214px) 100vw, 214px\" \/><\/a>\n\t\t\t\t<\/dt><\/dl><dl class='gallery-item'>\n\t\t\t\t<dt class='gallery-icon portrait'>\n\t\t\t\t\t<a class='rollover rollover-zoom dt-pswp-item' title='latteria trissino' data-dt-img-description='' data-large_image_width='1159' data-large_image_height = '1626'  href='https:\/\/festadelformaggio.it\/1\/wp-content\/uploads\/2019\/03\/latteria-trissino.jpg'><img loading=\"lazy\" decoding=\"async\" width=\"214\" height=\"300\" src=\"https:\/\/festadelformaggio.it\/1\/wp-content\/uploads\/2019\/03\/latteria-trissino-214x300.jpg\" class=\"attachment-medium size-medium\" alt=\"\" srcset=\"https:\/\/festadelformaggio.it\/1\/wp-content\/uploads\/2019\/03\/latteria-trissino-214x300.jpg 214w, https:\/\/festadelformaggio.it\/1\/wp-content\/uploads\/2019\/03\/latteria-trissino-768x1077.jpg 768w, https:\/\/festadelformaggio.it\/1\/wp-content\/uploads\/2019\/03\/latteria-trissino-730x1024.jpg 730w, https:\/\/festadelformaggio.it\/1\/wp-content\/uploads\/2019\/03\/latteria-trissino.jpg 1159w\" sizes=\"auto, (max-width: 214px) 100vw, 214px\" \/><\/a>\n\t\t\t\t<\/dt><\/dl><br style=\"clear: both\" \/>\n\t\t\t<\/div>\n\n<div class=\"su-divider su-divider-style-default\" style=\"margin:15px 0;border-width:3px;border-color:#999999\"><a href=\"#\" style=\"color:#999999\">Go to top<\/a><\/div>\n<p>Queste tre cooperative raccolgono esclusivamente il latte dalle stalle dei propri soci, tutte aziende agricole a conduzione familiare sparse tra la Valle del Chiampo e la Valle dell\u2019Agno.<\/p>\n<p>Ci\u00f2 permette di garantire <strong>un\u2019alimentazione del bestiame a base di foraggi e fieno del nostro territorio, integrata con alimenti semplici e controllati<\/strong>. Inoltre i maestri cas\u00e0ri trasformano il latte in formaggio seguendo <strong>una lavorazione ancora tradizionale e una attenta stagionatura<\/strong>, attenendosi ai buoni insegnamenti di una volta.<\/p>\n<p>Ma la vera particolarit\u00e0 di queste latterie \u00e8 che la <strong>produzione di formaggi e latticini avviene solo ed esclusivamente con \u201clatte crudo\u201d<\/strong>, cio\u00e8 latte allo stato naturale, non pastorizzato, che perci\u00f2 conserva tutti i profumi e i sapori del territorio in cui viene prodotto. Il latte crudo, infatti, mantiene determinate caratteristiche organolettiche e nutrizionali che con i trattamenti termici vanno in parte perdute.<\/p>\n<p>Il prodotto finale che delizia il nostro palato infatti \u00e8 maggiormente genuino, fresco, digeribile e gustoso. Rappresenta una produzione assolutamente rara e di nicchia, non solo<br \/>\nperch\u00e9 <strong>mette direttamente in relazione territorio-allevatore-consumatore<\/strong>, ma anche perch\u00e9, come risulta da numerosi studi, \u00e8 ricco di sostanze nutraceutiche, che durante i processi di pastorizzazione o sterilizzazione vengono inevitabilmente ridotte.<\/p>\n<p>Inoltre nei formaggi non vengono aggiunti additivi n\u00e9 conservanti sia in pasta che in crosta: solo il nostro latte, i fermenti lattici, il caglio e il sale. Proprio come una volta.<\/p>\n<p>Il formaggio di queste tre cooperative \u00e8 quindi un prodotto naturale e artigianale, perci\u00f2 non pu\u00f2 essere sempre uguale: <strong>i sapori e i profumi di un prodotto vivo e genuino come il latte crudo sono espressione del territorio e della natura<\/strong>, perci\u00f2 possono variare ad esempio a seconda della stagione, del clima, dell\u2019umidit\u00e0 o dell\u2019alimentazione dei bovini\u2026 E questo non \u00e8 un difetto, ma un assoluto pregio che il consumatore oggi ricerca con consapevolezza sempre maggiore.<\/p>\n<p>Ci vuole <strong>coraggio e impegno per sfidare l\u2019uniformit\u00e0 dei mercati, in nome della qualit\u00e0 e della tradizione<\/strong>: la <em>Festa del Formaggio<\/em> \u00e8 nata proprio per creare una vetrina privilegiata per queste<br \/>\nrealt\u00e0, che meritano di essere sostenute e valorizzate. Dunque non fatevi sfuggire l\u2019occasione per conoscere da vicino questi caseifici attraverso una degustazione guidata dei loro migliori prodotti, vestendo i panni di \u201cgiuria popolare\u201d che contribuir\u00e0 a designare il migliore.<\/p>\n","protected":false},"excerpt":{"rendered":"<p>Siamo spiacenti di comunicare che nell&#8217;edizione 2022 della FESTA DEL FORMAGGIO la degustazione guidata tra le latterie delle due vallate non ci sar\u00e0. Ci dispiace ma la ripartenza dopo due anni ci impone di rivedere l&#8217;organizzazione e ripartire gradualmente, ci scusiamo con tutti gli appassionati e speriamo di poter tornare quanto prima! 6\u00b0&nbsp;Concorso:&nbsp;\u201cMigliori Formaggi delle&hellip;<\/p>\n","protected":false},"author":2,"featured_media":0,"parent":0,"menu_order":0,"comment_status":"closed","ping_status":"closed","template":"","meta":[],"class_list":["post-3147","page","type-page","status-publish","hentry","description-off"],"post_mailing_queue_ids":[],"_links":{"self":[{"href":"https:\/\/festadelformaggio.it\/1\/wp-json\/wp\/v2\/pages\/3147","targetHints":{"allow":["GET"]}}],"collection":[{"href":"https:\/\/festadelformaggio.it\/1\/wp-json\/wp\/v2\/pages"}],"about":[{"href":"https:\/\/festadelformaggio.it\/1\/wp-json\/wp\/v2\/types\/page"}],"author":[{"embeddable":true,"href":"https:\/\/festadelformaggio.it\/1\/wp-json\/wp\/v2\/users\/2"}],"replies":[{"embeddable":true,"href":"https:\/\/festadelformaggio.it\/1\/wp-json\/wp\/v2\/comments?post=3147"}],"version-history":[{"count":4,"href":"https:\/\/festadelformaggio.it\/1\/wp-json\/wp\/v2\/pages\/3147\/revisions"}],"predecessor-version":[{"id":3719,"href":"https:\/\/festadelformaggio.it\/1\/wp-json\/wp\/v2\/pages\/3147\/revisions\/3719"}],"wp:attachment":[{"href":"https:\/\/festadelformaggio.it\/1\/wp-json\/wp\/v2\/media?parent=3147"}],"curies":[{"name":"wp","href":"https:\/\/api.w.org\/{rel}","templated":true}]}}